{"id":70,"date":"2025-05-20T00:26:31","date_gmt":"2025-05-20T00:26:31","guid":{"rendered":"https:\/\/hidroandes.info\/?page_id=70"},"modified":"2025-05-21T17:10:58","modified_gmt":"2025-05-21T17:10:58","slug":"socios-y-colaboradores","status":"publish","type":"page","link":"https:\/\/hidroandes.info\/en\/socios-y-colaboradores\/","title":{"rendered":"socios y colaboradores"},"content":{"rendered":"<div class=\"wp-block-group is-style-default has-white-background-color has-background has-global-padding is-layout-constrained wp-container-core-group-is-layout-e7a7935b wp-block-group-is-layout-constrained\" style=\"border-radius:15px;margin-top:var(--wp--preset--spacing--10);margin-bottom:var(--wp--preset--spacing--10);padding-top:var(--wp--preset--spacing--30);padding-right:var(--wp--preset--spacing--30);padding-bottom:var(--wp--preset--spacing--30);padding-left:var(--wp--preset--spacing--30)\">\n<h1 class=\"wp-block-heading has-text-align-center has-primary-color has-text-color has-link-color has-mdm-large-font-size wp-elements-f524137c31aac40cf80a76d5435d1deb\" style=\"line-height:1.8\">Our Partners and Collaborators<\/h1>\n\n\n\n<p class=\"has-text-align-center has-contrast-color has-text-color has-link-color has-medium-font-size wp-elements-921946507f38fec186887fe96f558095\">The HIDROANDES project is supported by a strong network of collaborators, including public institutions at the national, regional, and local levels, academic and research entities, governmental organizations, and social actors. We work together to promote sustainable water management in the Andean-Amazonian ecosystems. The overall coordination of the project is led by the Universitat Polit\u00e8cnica de Val\u00e8ncia (UPV) and the IAKU association. Discover more about our valuable partners and collaborators by clicking here!<\/p>\n\n\n\n<div class=\"wp-block-columns is-layout-flex wp-container-core-columns-is-layout-28f84493 wp-block-columns-is-layout-flex\">\n<div class=\"wp-block-column is-style-section-3 is-layout-flow wp-block-column-is-layout-flow is-style-section-3--1\">\n<div class=\"wp-block-columns is-style-default is-layout-flex wp-container-core-columns-is-layout-28f84493 wp-block-columns-is-layout-flex\">\n<div class=\"wp-block-column is-vertically-aligned-center is-layout-flow wp-block-column-is-layout-flow\">\n<figure class=\"wp-block-image aligncenter size-full is-resized\"><a href=\"https:\/\/www.upv.es\/\"><img loading=\"lazy\" decoding=\"async\" width=\"497\" height=\"176\" src=\"https:\/\/hidroandes.info\/wp-content\/uploads\/2025\/05\/LOGO-IIAMA.jpg\" alt=\"\" class=\"wp-image-134\" style=\"width:auto;height:100px\" srcset=\"https:\/\/hidroandes.info\/wp-content\/uploads\/2025\/05\/LOGO-IIAMA.jpg 497w, https:\/\/hidroandes.info\/wp-content\/uploads\/2025\/05\/LOGO-IIAMA-300x106.jpg 300w, https:\/\/hidroandes.info\/wp-content\/uploads\/2025\/05\/LOGO-IIAMA-18x6.jpg 18w\" sizes=\"auto, (max-width: 497px) 100vw, 497px\" \/><\/a><\/figure>\n<\/div>\n\n\n\n<div class=\"wp-block-column is-vertically-aligned-center is-layout-flow wp-block-column-is-layout-flow\" style=\"flex-basis:200px\">\n<figure class=\"wp-block-image aligncenter size-full\"><a href=\"https:\/\/iiama.webs.upv.es\/\"><img loading=\"lazy\" decoding=\"async\" width=\"300\" height=\"85\" src=\"https:\/\/hidroandes.info\/wp-content\/uploads\/2025\/05\/Logo_iiama.png\" alt=\"\" class=\"wp-image-38\"\/><\/a><\/figure>\n<\/div>\n\n\n\n<div class=\"wp-block-column is-vertically-aligned-center is-layout-flow wp-block-column-is-layout-flow\">\n<figure class=\"wp-block-image aligncenter size-full is-resized\"><img loading=\"lazy\" decoding=\"async\" width=\"855\" height=\"1113\" src=\"https:\/\/hidroandes.info\/wp-content\/uploads\/2025\/05\/logo-RH-Putumayo-002.jpg\" alt=\"\" class=\"wp-image-140\" style=\"width:auto;height:100px\" srcset=\"https:\/\/hidroandes.info\/wp-content\/uploads\/2025\/05\/logo-RH-Putumayo-002.jpg 855w, https:\/\/hidroandes.info\/wp-content\/uploads\/2025\/05\/logo-RH-Putumayo-002-230x300.jpg 230w, https:\/\/hidroandes.info\/wp-content\/uploads\/2025\/05\/logo-RH-Putumayo-002-787x1024.jpg 787w, https:\/\/hidroandes.info\/wp-content\/uploads\/2025\/05\/logo-RH-Putumayo-002-768x1000.jpg 768w, https:\/\/hidroandes.info\/wp-content\/uploads\/2025\/05\/logo-RH-Putumayo-002-9x12.jpg 9w\" sizes=\"auto, (max-width: 855px) 100vw, 855px\" \/><\/figure>\n<\/div>\n<\/div>\n<\/div>\n<\/div>\n\n\n\n<div class=\"wp-block-columns is-layout-flex wp-container-core-columns-is-layout-28f84493 wp-block-columns-is-layout-flex\">\n<div class=\"wp-block-column is-layout-flow wp-block-column-is-layout-flow\">\n<figure class=\"wp-block-image aligncenter size-full is-resized\"><a href=\"https:\/\/www.minambiente.gov.co\/\"><img loading=\"lazy\" decoding=\"async\" width=\"2560\" height=\"1777\" src=\"https:\/\/hidroandes.info\/wp-content\/uploads\/2025\/05\/Logo_Ministerio_de_Ambiente_2022-2026-scaled.png\" alt=\"\" class=\"wp-image-37\" style=\"width:auto;height:100px\" srcset=\"https:\/\/hidroandes.info\/wp-content\/uploads\/2025\/05\/Logo_Ministerio_de_Ambiente_2022-2026-scaled.png 2560w, https:\/\/hidroandes.info\/wp-content\/uploads\/2025\/05\/Logo_Ministerio_de_Ambiente_2022-2026-300x208.png 300w, https:\/\/hidroandes.info\/wp-content\/uploads\/2025\/05\/Logo_Ministerio_de_Ambiente_2022-2026-1024x711.png 1024w, https:\/\/hidroandes.info\/wp-content\/uploads\/2025\/05\/Logo_Ministerio_de_Ambiente_2022-2026-768x533.png 768w, https:\/\/hidroandes.info\/wp-content\/uploads\/2025\/05\/Logo_Ministerio_de_Ambiente_2022-2026-1536x1066.png 1536w, https:\/\/hidroandes.info\/wp-content\/uploads\/2025\/05\/Logo_Ministerio_de_Ambiente_2022-2026-2048x1421.png 2048w\" sizes=\"auto, (max-width: 2560px) 100vw, 2560px\" \/><\/a><\/figure>\n<\/div>\n\n\n\n<div class=\"wp-block-column is-vertically-aligned-center is-layout-flow wp-block-column-is-layout-flow\">\n<figure class=\"wp-block-image aligncenter size-full is-resized\"><a href=\"https:\/\/mocoa-putumayo.gov.co\/Paginas\/Inicio.aspx\"><img loading=\"lazy\" decoding=\"async\" width=\"491\" height=\"538\" src=\"https:\/\/hidroandes.info\/wp-content\/uploads\/2025\/05\/EscudoMocoa-1.png\" alt=\"\" class=\"wp-image-34\" style=\"width:auto;height:120px\" srcset=\"https:\/\/hidroandes.info\/wp-content\/uploads\/2025\/05\/EscudoMocoa-1.png 491w, https:\/\/hidroandes.info\/wp-content\/uploads\/2025\/05\/EscudoMocoa-1-274x300.png 274w\" sizes=\"auto, (max-width: 491px) 100vw, 491px\" \/><\/a><\/figure>\n<\/div>\n\n\n\n<div class=\"wp-block-column is-vertically-aligned-center is-layout-flow wp-block-column-is-layout-flow\">\n<figure class=\"wp-block-image aligncenter size-full is-resized\"><img loading=\"lazy\" decoding=\"async\" width=\"300\" height=\"215\" src=\"https:\/\/hidroandes.info\/wp-content\/uploads\/2025\/05\/corpoamazonia.jpg\" alt=\"\" class=\"wp-image-33\" style=\"width:auto;height:100px\"\/><\/figure>\n<\/div>\n\n\n\n<div class=\"wp-block-column is-vertically-aligned-center is-layout-flow wp-block-column-is-layout-flow\">\n<figure class=\"wp-block-image aligncenter size-full is-resized\"><a href=\"https:\/\/www.aguasmocoa.gov.co\/\"><img loading=\"lazy\" decoding=\"async\" width=\"707\" height=\"353\" src=\"https:\/\/hidroandes.info\/wp-content\/uploads\/2025\/05\/aguasmocoa.png\" alt=\"\" class=\"wp-image-32\" style=\"width:auto;height:100px\" srcset=\"https:\/\/hidroandes.info\/wp-content\/uploads\/2025\/05\/aguasmocoa.png 707w, https:\/\/hidroandes.info\/wp-content\/uploads\/2025\/05\/aguasmocoa-300x150.png 300w\" sizes=\"auto, (max-width: 707px) 100vw, 707px\" \/><\/a><\/figure>\n<\/div>\n\n\n\n<div class=\"wp-block-column is-vertically-aligned-center is-layout-flow wp-block-column-is-layout-flow\">\n<figure class=\"wp-block-image aligncenter size-full is-resized\"><img loading=\"lazy\" decoding=\"async\" width=\"336\" height=\"322\" src=\"https:\/\/hidroandes.info\/wp-content\/uploads\/2025\/05\/socio8.png\" alt=\"\" class=\"wp-image-149\" style=\"width:auto;height:100px\" srcset=\"https:\/\/hidroandes.info\/wp-content\/uploads\/2025\/05\/socio8.png 336w, https:\/\/hidroandes.info\/wp-content\/uploads\/2025\/05\/socio8-300x288.png 300w, https:\/\/hidroandes.info\/wp-content\/uploads\/2025\/05\/socio8-13x12.png 13w\" sizes=\"auto, (max-width: 336px) 100vw, 336px\" \/><\/figure>\n<\/div>\n\n\n\n<div class=\"wp-block-column is-vertically-aligned-center is-layout-flow wp-block-column-is-layout-flow\">\n<figure class=\"wp-block-image aligncenter size-full is-resized\"><img loading=\"lazy\" decoding=\"async\" width=\"2048\" height=\"1130\" src=\"https:\/\/hidroandes.info\/wp-content\/uploads\/2025\/05\/inpacto-1.png\" alt=\"\" class=\"wp-image-35\" style=\"width:auto;height:100px\" srcset=\"https:\/\/hidroandes.info\/wp-content\/uploads\/2025\/05\/inpacto-1.png 2048w, https:\/\/hidroandes.info\/wp-content\/uploads\/2025\/05\/inpacto-1-300x166.png 300w, https:\/\/hidroandes.info\/wp-content\/uploads\/2025\/05\/inpacto-1-1024x565.png 1024w, https:\/\/hidroandes.info\/wp-content\/uploads\/2025\/05\/inpacto-1-768x424.png 768w, https:\/\/hidroandes.info\/wp-content\/uploads\/2025\/05\/inpacto-1-1536x848.png 1536w\" sizes=\"auto, (max-width: 2048px) 100vw, 2048px\" \/><\/figure>\n<\/div>\n<\/div>\n\n\n\n<p><\/p>\n<\/div>\n\n\n\n<p><\/p>","protected":false},"excerpt":{"rendered":"<p>Nuestros socios y Colaboradores El proyecto HIDROANDES se apoya en una s\u00f3lida red de colaboradores que abarca instituciones p\u00fablicas a nivel nacional, regional y local, entidades acad\u00e9micas y de investigaci\u00f3n, organizaciones gubernamentales y actores sociales. Trabajamos conjuntamente para impulsar la gesti\u00f3n sostenible del agua en los ecosistemas Andino-Amaz\u00f3nicos. La coordinaci\u00f3n general del proyecto corre a [&hellip;]<\/p>\n","protected":false},"author":2,"featured_media":0,"parent":0,"menu_order":0,"comment_status":"closed","ping_status":"closed","template":"wp-custom-template-pagina-content-hidroandres","meta":{"footnotes":""},"class_list":["post-70","page","type-page","status-publish","hentry"],"_links":{"self":[{"href":"https:\/\/hidroandes.info\/en\/wp-json\/wp\/v2\/pages\/70","targetHints":{"allow":["GET"]}}],"collection":[{"href":"https:\/\/hidroandes.info\/en\/wp-json\/wp\/v2\/pages"}],"about":[{"href":"https:\/\/hidroandes.info\/en\/wp-json\/wp\/v2\/types\/page"}],"author":[{"embeddable":true,"href":"https:\/\/hidroandes.info\/en\/wp-json\/wp\/v2\/users\/2"}],"replies":[{"embeddable":true,"href":"https:\/\/hidroandes.info\/en\/wp-json\/wp\/v2\/comments?post=70"}],"version-history":[{"count":5,"href":"https:\/\/hidroandes.info\/en\/wp-json\/wp\/v2\/pages\/70\/revisions"}],"predecessor-version":[{"id":181,"href":"https:\/\/hidroandes.info\/en\/wp-json\/wp\/v2\/pages\/70\/revisions\/181"}],"wp:attachment":[{"href":"https:\/\/hidroandes.info\/en\/wp-json\/wp\/v2\/media?parent=70"}],"curies":[{"name":"wp","href":"https:\/\/api.w.org\/{rel}","templated":true}]}}