{"id":66,"date":"2025-05-20T00:25:14","date_gmt":"2025-05-20T00:25:14","guid":{"rendered":"https:\/\/hidroandes.info\/?page_id=66"},"modified":"2025-05-20T23:30:06","modified_gmt":"2025-05-20T23:30:06","slug":"objetivo-principal","status":"publish","type":"page","link":"https:\/\/hidroandes.info\/en\/objetivo-principal\/","title":{"rendered":"Objetivo Principal"},"content":{"rendered":"<div class=\"wp-block-columns has-white-text-color-background-color has-background is-layout-flex wp-container-core-columns-is-layout-ab23134c wp-block-columns-is-layout-flex\" style=\"border-style:none;border-width:0px;border-radius:26px;padding-top:var(--wp--preset--spacing--30);padding-right:var(--wp--preset--spacing--30);padding-bottom:var(--wp--preset--spacing--30);padding-left:var(--wp--preset--spacing--30)\">\n<div class=\"wp-block-column is-layout-flow wp-block-column-is-layout-flow\">\n<figure class=\"wp-block-image size-full\"><img loading=\"lazy\" decoding=\"async\" width=\"1704\" height=\"791\" src=\"https:\/\/hidroandes.info\/wp-content\/uploads\/2025\/05\/banner.png\" alt=\"\" class=\"wp-image-142\" srcset=\"https:\/\/hidroandes.info\/wp-content\/uploads\/2025\/05\/banner.png 1704w, https:\/\/hidroandes.info\/wp-content\/uploads\/2025\/05\/banner-300x139.png 300w, https:\/\/hidroandes.info\/wp-content\/uploads\/2025\/05\/banner-1024x475.png 1024w, https:\/\/hidroandes.info\/wp-content\/uploads\/2025\/05\/banner-768x357.png 768w, https:\/\/hidroandes.info\/wp-content\/uploads\/2025\/05\/banner-1536x713.png 1536w, https:\/\/hidroandes.info\/wp-content\/uploads\/2025\/05\/banner-18x8.png 18w\" sizes=\"auto, (max-width: 1704px) 100vw, 1704px\" \/><\/figure>\n<\/div>\n\n\n\n<div class=\"wp-block-column is-layout-flow wp-block-column-is-layout-flow\">\n<div class=\"wp-block-columns are-vertically-aligned-center is-layout-flex wp-container-core-columns-is-layout-28f84493 wp-block-columns-is-layout-flex\">\n<div class=\"wp-block-column is-vertically-aligned-center is-layout-flow wp-block-column-is-layout-flow\">\n<p class=\"has-contrast-color has-text-color has-link-color has-medium-font-size wp-elements-a27c259c79f5c957a88b12f2be33c9d5\">To empower local communities, especially women and Indigenous peoples, through a participatory hydrometeorological monitoring system for sustainable water management and climate change adaptation. <\/p>\n\n\n\n<div class=\"wp-block-columns is-layout-flex wp-container-core-columns-is-layout-28f84493 wp-block-columns-is-layout-flex\">\n<div class=\"wp-block-column has-border-color is-layout-flow wp-block-column-is-layout-flow\" style=\"border-color:#598cfa;border-width:1px;border-radius:18px;flex-basis:200px\">\n<p class=\"has-text-align-center has-small-font-size\"><strong>Digital Platform<\/strong><\/p>\n\n\n\n<figure class=\"wp-block-image aligncenter size-full is-resized\"><img loading=\"lazy\" decoding=\"async\" width=\"542\" height=\"439\" src=\"https:\/\/hidroandes.info\/wp-content\/uploads\/2025\/05\/celular.png\" alt=\"\" class=\"wp-image-45\" style=\"object-fit:cover;width:140px;height:140px\" srcset=\"https:\/\/hidroandes.info\/wp-content\/uploads\/2025\/05\/celular.png 542w, https:\/\/hidroandes.info\/wp-content\/uploads\/2025\/05\/celular-300x243.png 300w\" sizes=\"auto, (max-width: 542px) 100vw, 542px\" \/><\/figure>\n\n\n\n<p class=\"has-text-align-center has-base-color has-text-color has-link-color wp-elements-138d30c28bc3a5587ff33a9535d523c5 wp-container-content-e1bb55cb\" style=\"font-size:0.85rem\">Hydrological Data Visualization<\/p>\n<\/div>\n\n\n\n<div class=\"wp-block-column has-border-color is-layout-flow wp-block-column-is-layout-flow\" style=\"border-color:#598cfa;border-width:1px;border-radius:18px;flex-basis:200px\">\n<p class=\"has-text-align-center has-small-font-size\"><strong>Community Training<\/strong><\/p>\n\n\n\n<figure class=\"wp-block-image aligncenter size-full is-resized\"><img loading=\"lazy\" decoding=\"async\" width=\"542\" height=\"439\" src=\"https:\/\/hidroandes.info\/wp-content\/uploads\/2025\/05\/reunion.png\" alt=\"\" class=\"wp-image-44\" style=\"object-fit:cover;width:140px;height:140px\" srcset=\"https:\/\/hidroandes.info\/wp-content\/uploads\/2025\/05\/reunion.png 542w, https:\/\/hidroandes.info\/wp-content\/uploads\/2025\/05\/reunion-300x243.png 300w\" sizes=\"auto, (max-width: 542px) 100vw, 542px\" \/><\/figure>\n\n\n\n<p class=\"has-text-align-center has-base-color has-text-color has-link-color wp-elements-9a984ca9f2bad6d4b347b7d23e54437e wp-container-content-e1bb55cb\" style=\"font-size:0.85rem\"><em>Data Collection and Analysis<\/em><\/p>\n<\/div>\n\n\n\n<div class=\"wp-block-column has-border-color is-layout-flow wp-block-column-is-layout-flow\" style=\"border-color:#598cfa;border-width:1px;border-radius:18px;flex-basis:200px\">\n<p class=\"has-text-align-center has-small-font-size\"><strong>Strengthening<\/strong><\/p>\n\n\n\n<figure class=\"wp-block-image aligncenter size-full is-resized\"><img loading=\"lazy\" decoding=\"async\" width=\"542\" height=\"439\" src=\"https:\/\/hidroandes.info\/wp-content\/uploads\/2025\/05\/advertencia.png\" alt=\"\" class=\"wp-image-43\" style=\"object-fit:cover;width:180px;height:180px\" srcset=\"https:\/\/hidroandes.info\/wp-content\/uploads\/2025\/05\/advertencia.png 542w, https:\/\/hidroandes.info\/wp-content\/uploads\/2025\/05\/advertencia-300x243.png 300w\" sizes=\"auto, (max-width: 542px) 100vw, 542px\" \/><\/figure>\n\n\n\n<p class=\"has-text-align-center has-base-color has-text-color has-link-color wp-elements-d57f3d9ccb9424a6918e4dffe6744a85 wp-container-content-e1bb55cb\" style=\"font-size:0.85rem\"><em>Early Warning System<\/em><\/p>\n<\/div>\n<\/div>\n<\/div>\n<\/div>\n<\/div>\n<\/div>\n\n\n\n<p><\/p>","protected":false},"excerpt":{"rendered":"<p>Empoderar a las comunidades locales, especialmente a mujeres y pueblos ind\u00edgenas, mediante un sistema participativo de monitoreo hidrometeorol\u00f3gico para la gesti\u00f3n sostenible del agua y la adaptaci\u00f3n al cambio clim\u00e1tico. Plataforma Digital Visualizacion de datos Hidrol\u00f3gicos Capacitaci\u00f3n Comunitaria Recolecci\u00f3n y an\u00e1lisis de datos Fortalecimiento Sistema de alerta temprana<\/p>","protected":false},"author":2,"featured_media":0,"parent":0,"menu_order":0,"comment_status":"closed","ping_status":"closed","template":"wp-custom-template-pagina-content-hidroandres","meta":{"footnotes":""},"class_list":["post-66","page","type-page","status-publish","hentry"],"_links":{"self":[{"href":"https:\/\/hidroandes.info\/en\/wp-json\/wp\/v2\/pages\/66","targetHints":{"allow":["GET"]}}],"collection":[{"href":"https:\/\/hidroandes.info\/en\/wp-json\/wp\/v2\/pages"}],"about":[{"href":"https:\/\/hidroandes.info\/en\/wp-json\/wp\/v2\/types\/page"}],"author":[{"embeddable":true,"href":"https:\/\/hidroandes.info\/en\/wp-json\/wp\/v2\/users\/2"}],"replies":[{"embeddable":true,"href":"https:\/\/hidroandes.info\/en\/wp-json\/wp\/v2\/comments?post=66"}],"version-history":[{"count":20,"href":"https:\/\/hidroandes.info\/en\/wp-json\/wp\/v2\/pages\/66\/revisions"}],"predecessor-version":[{"id":177,"href":"https:\/\/hidroandes.info\/en\/wp-json\/wp\/v2\/pages\/66\/revisions\/177"}],"wp:attachment":[{"href":"https:\/\/hidroandes.info\/en\/wp-json\/wp\/v2\/media?parent=66"}],"curies":[{"name":"wp","href":"https:\/\/api.w.org\/{rel}","templated":true}]}}