{"id":62,"date":"2025-05-20T00:23:32","date_gmt":"2025-05-20T00:23:32","guid":{"rendered":"https:\/\/hidroandes.info\/?page_id=62"},"modified":"2025-05-20T23:31:43","modified_gmt":"2025-05-20T23:31:43","slug":"documentos","status":"publish","type":"page","link":"https:\/\/hidroandes.info\/en\/documentos\/","title":{"rendered":"Documentos"},"content":{"rendered":"<div class=\"wp-block-group has-white-background-color has-background has-medium-font-size has-global-padding is-layout-constrained wp-container-core-group-is-layout-36efd05e wp-block-group-is-layout-constrained\" style=\"border-radius:15px;margin-top:var(--wp--preset--spacing--20);margin-bottom:var(--wp--preset--spacing--20);padding-top:var(--wp--preset--spacing--30);padding-right:var(--wp--preset--spacing--30);padding-bottom:var(--wp--preset--spacing--30);padding-left:var(--wp--preset--spacing--30)\">\n<p class=\"has-text-align-center\" style=\"line-height:1.5\">Documentos<\/p>\n\n\n\n<h2 class=\"wp-block-heading has-text-align-center has-button-hover-text-color-color has-text-color has-link-color wp-elements-ad4396c83c36539d8ae950ce18ef075d\" style=\"margin-top:10px;margin-bottom:20px;line-height:1.2\">Sobre el proyecto<\/h2>\n\n\n\n<div class=\"wp-block-columns are-vertically-aligned-center is-layout-flex wp-container-core-columns-is-layout-42f889ef wp-block-columns-is-layout-flex\" style=\"margin-top:0;margin-bottom:var(--wp--preset--spacing--20)\">\n<div class=\"wp-block-column is-vertically-aligned-center is-layout-flow wp-block-column-is-layout-flow\" style=\"padding-right:0;padding-left:0\">\n<p class=\"has-contrast-color has-text-color has-link-color has-medium-font-size wp-elements-4df8fbdc1d2373cdec0195d7a830b5bd\" style=\"margin-bottom:0\"><p class=\"has-contrast-color has-text-color has-link-color has-medium-font-size\" style=\"margin-bottom:0;text-align:justify\">The Mulato River sub-basin, located in the department of Putumayo (Colombia), is part of a strategic region between the Andes and the Amazon. This territory is rich in water resources and biodiversity, and it is home to Indigenous, rural, and urban communities that depend directly on its natural resources.<br>However, this sub-basin faces serious environmental and social threats. Accelerated deforestation, the expansion of the agricultural frontier, extensive cattle ranching, and climate change have degraded local ecosystems, disrupted water cycles, and increased vulnerability to extreme events such as floods and landslides.<br>A tragic example of this reality was the Mocoa landslide in 2017, when heavy rains caused several rivers, including the Mulato, to overflow, resulting in a devastating toll of hundreds of victims and thousands of people affected. This event highlighted the urgent need to strengthen integrated water management and early warning systems in the region.<\/p><\/p>\n\n\n\n<div class=\"wp-block-columns is-layout-flex wp-container-core-columns-is-layout-28f84493 wp-block-columns-is-layout-flex\">\n<div class=\"wp-block-column is-layout-flow wp-block-column-is-layout-flow\" style=\"flex-basis:100%\">\n<p class=\"has-contrast-color has-text-color has-link-color has-medium-font-size wp-elements-8954f5d913270929986f1786bdb1ecb0\" style=\"margin-bottom:0\"><\/p>\n\n\n\n<figure class=\"wp-block-image aligncenter size-full\"><img loading=\"lazy\" decoding=\"async\" width=\"681\" height=\"454\" src=\"https:\/\/hidroandes.info\/wp-content\/uploads\/2025\/05\/Imagen-de-WhatsApp-2025-05-16-a-las-11.37.27_2ebc2c01.jpg\" alt=\"\" class=\"wp-image-39\" srcset=\"https:\/\/hidroandes.info\/wp-content\/uploads\/2025\/05\/Imagen-de-WhatsApp-2025-05-16-a-las-11.37.27_2ebc2c01.jpg 681w, https:\/\/hidroandes.info\/wp-content\/uploads\/2025\/05\/Imagen-de-WhatsApp-2025-05-16-a-las-11.37.27_2ebc2c01-300x200.jpg 300w\" sizes=\"auto, (max-width: 681px) 100vw, 681px\" \/><\/figure>\n<\/div>\n<\/div>\n\n\n\n<p class=\"has-contrast-color has-text-color has-link-color has-medium-font-size wp-elements-0c759841528d78f5ee3500bf5777c1c1\" style=\"margin-bottom:0\"><p class=\"has-contrast-color has-text-color has-link-color has-medium-font-size\" style=\"margin-bottom:0;text-align:justify\"><br>In this context, the HIDROANDES project emerges as an innovative and participatory response, focused on community-based water monitoring and the empowerment of local actors\u2014especially women and Indigenous peoples\u2014for climate change adaptation and disaster risk reduction.<br>Este enfoque combina tecnolog\u00eda, saberes tradicionales y formaci\u00f3n comunitaria para promover un modelo replicable de gesti\u00f3n sostenible en otras cuencas andino amaz\u00f3nicas.<\/p><\/p>\n\n\n\n<figure class=\"wp-block-image size-large\"><img loading=\"lazy\" decoding=\"async\" width=\"1024\" height=\"525\" src=\"https:\/\/hidroandes.info\/wp-content\/uploads\/2025\/05\/mapa-1024x525.jpg\" alt=\"\" class=\"wp-image-29\" srcset=\"https:\/\/hidroandes.info\/wp-content\/uploads\/2025\/05\/mapa-1024x525.jpg 1024w, https:\/\/hidroandes.info\/wp-content\/uploads\/2025\/05\/mapa-300x154.jpg 300w, https:\/\/hidroandes.info\/wp-content\/uploads\/2025\/05\/mapa-768x394.jpg 768w, https:\/\/hidroandes.info\/wp-content\/uploads\/2025\/05\/mapa-1536x787.jpg 1536w, https:\/\/hidroandes.info\/wp-content\/uploads\/2025\/05\/mapa.jpg 1600w\" sizes=\"auto, (max-width: 1024px) 100vw, 1024px\" \/><\/figure>\n<\/div>\n<\/div>\n<\/div>","protected":false},"excerpt":{"rendered":"<p>Documentos Sobre el proyecto La subcuenca del r\u00edo Mulato, ubicada en el departamento del Putumayo (Colombia), forma parte de una regi\u00f3n estrat\u00e9gica entre los Andes y la Amazon\u00eda. Este territorio alberga una gran riqueza h\u00eddrica y biodiversa, adem\u00e1s de ser hogar de comunidades ind\u00edgenas, campesinas y urbanas que dependen directamente de sus recursos naturales.Sin embargo, [&hellip;]<\/p>\n","protected":false},"author":2,"featured_media":0,"parent":0,"menu_order":0,"comment_status":"closed","ping_status":"closed","template":"wp-custom-template-pagina-content-hidroandres","meta":{"footnotes":""},"class_list":["post-62","page","type-page","status-publish","hentry"],"_links":{"self":[{"href":"https:\/\/hidroandes.info\/en\/wp-json\/wp\/v2\/pages\/62","targetHints":{"allow":["GET"]}}],"collection":[{"href":"https:\/\/hidroandes.info\/en\/wp-json\/wp\/v2\/pages"}],"about":[{"href":"https:\/\/hidroandes.info\/en\/wp-json\/wp\/v2\/types\/page"}],"author":[{"embeddable":true,"href":"https:\/\/hidroandes.info\/en\/wp-json\/wp\/v2\/users\/2"}],"replies":[{"embeddable":true,"href":"https:\/\/hidroandes.info\/en\/wp-json\/wp\/v2\/comments?post=62"}],"version-history":[{"count":5,"href":"https:\/\/hidroandes.info\/en\/wp-json\/wp\/v2\/pages\/62\/revisions"}],"predecessor-version":[{"id":179,"href":"https:\/\/hidroandes.info\/en\/wp-json\/wp\/v2\/pages\/62\/revisions\/179"}],"wp:attachment":[{"href":"https:\/\/hidroandes.info\/en\/wp-json\/wp\/v2\/media?parent=62"}],"curies":[{"name":"wp","href":"https:\/\/api.w.org\/{rel}","templated":true}]}}