{"id":50,"date":"2025-05-19T20:54:19","date_gmt":"2025-05-19T20:54:19","guid":{"rendered":"https:\/\/hidroandes.info\/?page_id=50"},"modified":"2025-05-20T13:22:02","modified_gmt":"2025-05-20T13:22:02","slug":"50-2","status":"publish","type":"page","link":"https:\/\/hidroandes.info\/en\/50-2\/","title":{"rendered":"Contactenos"},"content":{"rendered":"<div class=\"wp-block-cover is-light wow animate__animated animate__slideInUp\"><img loading=\"lazy\" decoding=\"async\" width=\"1024\" height=\"682\" class=\"wp-block-cover__image-background wp-image-40 size-large\" alt=\"\" src=\"https:\/\/hidroandes.info\/wp-content\/uploads\/2025\/05\/riosunsets-4493515_1280-1024x682.jpg\" style=\"object-position:49% 64%\" data-object-fit=\"cover\" data-object-position=\"49% 64%\" srcset=\"https:\/\/hidroandes.info\/wp-content\/uploads\/2025\/05\/riosunsets-4493515_1280-1024x682.jpg 1024w, https:\/\/hidroandes.info\/wp-content\/uploads\/2025\/05\/riosunsets-4493515_1280-300x200.jpg 300w, https:\/\/hidroandes.info\/wp-content\/uploads\/2025\/05\/riosunsets-4493515_1280-768x512.jpg 768w, https:\/\/hidroandes.info\/wp-content\/uploads\/2025\/05\/riosunsets-4493515_1280.jpg 1280w\" sizes=\"auto, (max-width: 1024px) 100vw, 1024px\" \/><span aria-hidden=\"true\" class=\"wp-block-cover__background has-primary-background-color has-background-dim-70 has-background-dim\"><\/span><div class=\"wp-block-cover__inner-container has-global-padding is-layout-constrained wp-block-cover-is-layout-constrained\">\n<div class=\"wp-block-group has-global-padding is-layout-constrained wp-container-core-group-is-layout-ed564952 wp-block-group-is-layout-constrained\" style=\"padding-top:var(--wp--preset--spacing--20);padding-bottom:var(--wp--preset--spacing--20)\">\n<h2 class=\"wp-block-heading has-text-align-center has-white-color has-text-color has-link-color wp-elements-90ec64134f4591481117d564b57e370e\" style=\"margin-top:5px;margin-bottom:0;padding-bottom:0;line-height:1.2\">Contact Address<\/h2>\n\n\n\n<p class=\"has-text-align-center has-white-color has-text-color has-link-color wp-elements-1e207f48132ffb86a3068dd5b4b779ee\" style=\"margin-top:var(--wp--preset--spacing--30);margin-bottom:var(--wp--preset--spacing--30)\"><br>HIDROANDES Project Coordination<br>Universitat Polit\u00e8cnica de Val\u00e8ncia (UPV<br>Instituto Universitario de Investigaci\u00f3n de Ingenier\u00eda del Agua y Medio<br>Ambiente (IIAMA)<br>Camino de Vera s\/n, 46022<br>Valencia (Espa\u00f1a)<\/p>\n\n\n\n<p class=\"has-text-align-center has-white-color has-text-color has-link-color wp-elements-f651ec07992c59deb1c2cb1de9326b80\" style=\"margin-top:var(--wp--preset--spacing--30);margin-bottom:var(--wp--preset--spacing--30)\"><\/p>\n\n\n\n<div class=\"wp-block-buttons is-horizontal is-content-justification-center is-layout-flex wp-container-core-buttons-is-layout-03627597 wp-block-buttons-is-layout-flex\">\n<div class=\"wp-block-button has-custom-width wp-block-button__width-75 is-style-outline is-style-outline--1\"><a class=\"wp-block-button__link has-primary-color has-white-background-color has-text-color has-background has-link-color has-text-align-center wp-element-button\" href=\"mailto:hidroandes@gmail.com\">HiDROANDES@GMAIL.com<\/a><\/div>\n<\/div>\n<\/div>\n<\/div><\/div>\n\n\n\n<p><\/p>","protected":false},"excerpt":{"rendered":"","protected":false},"author":2,"featured_media":0,"parent":0,"menu_order":0,"comment_status":"closed","ping_status":"closed","template":"wp-custom-template-pagina-content-hidroandres","meta":{"footnotes":""},"class_list":["post-50","page","type-page","status-publish","hentry"],"_links":{"self":[{"href":"https:\/\/hidroandes.info\/en\/wp-json\/wp\/v2\/pages\/50","targetHints":{"allow":["GET"]}}],"collection":[{"href":"https:\/\/hidroandes.info\/en\/wp-json\/wp\/v2\/pages"}],"about":[{"href":"https:\/\/hidroandes.info\/en\/wp-json\/wp\/v2\/types\/page"}],"author":[{"embeddable":true,"href":"https:\/\/hidroandes.info\/en\/wp-json\/wp\/v2\/users\/2"}],"replies":[{"embeddable":true,"href":"https:\/\/hidroandes.info\/en\/wp-json\/wp\/v2\/comments?post=50"}],"version-history":[{"count":3,"href":"https:\/\/hidroandes.info\/en\/wp-json\/wp\/v2\/pages\/50\/revisions"}],"predecessor-version":[{"id":151,"href":"https:\/\/hidroandes.info\/en\/wp-json\/wp\/v2\/pages\/50\/revisions\/151"}],"wp:attachment":[{"href":"https:\/\/hidroandes.info\/en\/wp-json\/wp\/v2\/media?parent=50"}],"curies":[{"name":"wp","href":"https:\/\/api.w.org\/{rel}","templated":true}]}}